{"id":61,"date":"2013-03-26T11:52:36","date_gmt":"2013-03-26T11:52:36","guid":{"rendered":"http:\/\/oximoron.es\/shop\/?post_type=product&#038;p=61"},"modified":"2017-02-15T16:14:50","modified_gmt":"2017-02-15T16:14:50","slug":"nonograma","status":"publish","type":"product","link":"https:\/\/oxymoron.es\/shop\/producto\/nonograma\/","title":{"rendered":"Nonograma"},"content":{"rendered":"<div data-jsid=\"message\">Contiene:<\/div>\n<div data-jsid=\"message\">15+4 tiras de papel<\/div>\n<div data-jsid=\"message\">un sobre de papel vegetal<\/div>\n<div data-jsid=\"message\">postcard<\/div>\n<div data-jsid=\"message\">hoja de inspiraci\u00f3n<\/div>\n<div data-jsid=\"message\">&#8212;&#8212;&#8212;&#8212;&#8212;&#8212;&#8212;&#8212;&#8212;&#8212;-<\/div>\n<div data-jsid=\"message\">Producto: realizado con papel Fedrigoni<\/div>\n","protected":false},"excerpt":{"rendered":"<div data-jsid=\"message\">Una rejilla de 15&#215;15, tiras de papel y&#8230; tu creatividad!<\/div>\n<div data-jsid=\"message\">Crea tu propio nonograma y realiza una postal original creando el dise\u00f1o que m\u00e1s se ci\u00f1a a cada ocasi\u00f3n. Nosotros te damos 9 opciones, pero existen tantas como d\u00e9 tu imaginaci\u00f3n.<\/div>\n","protected":false},"featured_media":62,"comment_status":"closed","ping_status":"closed","template":"","meta":[],"product_brand":[],"product_cat":[15],"product_tag":[],"class_list":{"0":"post-61","1":"product","2":"type-product","3":"status-publish","4":"has-post-thumbnail","6":"product_cat-nonograma","7":"product_shipping_class-nonograma","8":"pa_colores-aquamarina","9":"pa_colores-grigio","10":"pa_colores-humo","11":"pa_colores-panna","12":"pa_colores-pesca","13":"pa_colores-polvere","14":"clearfix","16":"first","17":"instock","18":"featured","19":"shipping-taxable","20":"purchasable","21":"product-type-variable"},"_links":{"self":[{"href":"https:\/\/oxymoron.es\/shop\/wp-json\/wp\/v2\/product\/61","targetHints":{"allow":["GET"]}}],"collection":[{"href":"https:\/\/oxymoron.es\/shop\/wp-json\/wp\/v2\/product"}],"about":[{"href":"https:\/\/oxymoron.es\/shop\/wp-json\/wp\/v2\/types\/product"}],"replies":[{"embeddable":true,"href":"https:\/\/oxymoron.es\/shop\/wp-json\/wp\/v2\/comments?post=61"}],"wp:featuredmedia":[{"embeddable":true,"href":"https:\/\/oxymoron.es\/shop\/wp-json\/wp\/v2\/media\/62"}],"wp:attachment":[{"href":"https:\/\/oxymoron.es\/shop\/wp-json\/wp\/v2\/media?parent=61"}],"wp:term":[{"taxonomy":"product_brand","embeddable":true,"href":"https:\/\/oxymoron.es\/shop\/wp-json\/wp\/v2\/product_brand?post=61"},{"taxonomy":"product_cat","embeddable":true,"href":"https:\/\/oxymoron.es\/shop\/wp-json\/wp\/v2\/product_cat?post=61"},{"taxonomy":"product_tag","embeddable":true,"href":"https:\/\/oxymoron.es\/shop\/wp-json\/wp\/v2\/product_tag?post=61"}],"curies":[{"name":"wp","href":"https:\/\/api.w.org\/{rel}","templated":true}]}}