{"id":133,"date":"2013-04-16T09:36:11","date_gmt":"2013-04-16T09:36:11","guid":{"rendered":"http:\/\/oxymoron.es\/shop\/?page_id=133"},"modified":"2013-04-16T10:04:08","modified_gmt":"2013-04-16T10:04:08","slug":"politica-de-privacidad","status":"publish","type":"page","link":"https:\/\/oxymoron.es\/shop\/politica-de-privacidad\/","title":{"rendered":"Pol\u00edtica de Privacidad"},"content":{"rendered":"<div style=\"text-align: justify;\">\n<p>Se hace constar que las presentes condiciones se han definido por parte de Oxymoron con ubicaci\u00f3n en Gran via de Fernando el Catolico y N.I.F.:24389783P, en adelante Oxymoron para su website www.oxymoron.es.<\/p>\n<p>La visita a esta web site no supone que el usuario est\u00e9 obligado a facilitar ninguna informaci\u00f3n sobre s\u00ed mismo. En el caso de que proporcione el usuario alguna informaci\u00f3n de car\u00e1cter personal, los datos recogidos ser\u00e1n utilizados con la finalidad, en la forma y con las limitaciones y derechos que recoge la Ley Org\u00e1nica 15\/1999, de Protecci\u00f3n de Datos de Car\u00e1cter Personal.\u2028\u2028Las finalidades para las cuales ser\u00e1n recabados los datos se especificar\u00e1n en el propio formulario de datos, incluyendo la gesti\u00f3n del alta como usuario, env\u00edo de informaci\u00f3n comercial de futuras campa\u00f1as, productos y\/o servicios por correo postal o por medios electr\u00f3nicos, incluyendo SMS, as\u00ed como la realizaci\u00f3n de encuestas. Los usuarios que faciliten datos de car\u00e1cter personal, consienten inequ\u00edvocamente la incorporaci\u00f3n de sus datos en un fichero de los que sea responsable Oxymoron, as\u00ed como el tratamiento informatizado o no de los mismos.<\/p>\n<p>OXYMORON ha adoptado las medidas t\u00e9cnicas y organizativas necesarias para garantizar la seguridad e integridad de los datos, as\u00ed como para evitar su alteraci\u00f3n, p\u00e9rdida, tratamiento o acceso no autorizado. Los usuarios cuyos datos sean objeto de tratamiento podr\u00e1n ejercitar gratuitamente los derechos de oposici\u00f3n, acceso e informaci\u00f3n, rectificaci\u00f3n, cancelaci\u00f3n de sus datos y revocaci\u00f3n de su autorizaci\u00f3n, sin efectos retroactivos en los t\u00e9rminos especificados en la Ley Org\u00e1nica 15\/1999 de Protecci\u00f3n de Datos de Car\u00e1cter Personal, conforme al procedimiento legalmente establecido. Estos derechos podr\u00e1n ser ejercitados escribi\u00e9ndonos a la direcci\u00f3n de correo electr\u00f3nico de info@oxymoron.es \u2028\u2028En el momento de proceder a la recogida de los datos se indicar\u00e1 el car\u00e1cter voluntario u obligatorio de los datos objeto de recogida.\u2028\u2028El acceso a esta web site puede implicar la utilizaci\u00f3n de cookies. Las cookies son peque\u00f1as cantidades de informaci\u00f3n que se almacenan en el navegador utilizado por cada usuario para que el servidor recuerde cierta informaci\u00f3n que posteriormente \u00fanicamente el servidor que la implement\u00f3 leer\u00e1. Las cookies tienen, generalmente, una duraci\u00f3n limitada en el tiempo. Ninguna cookie de este web site permite que pueda contactarse con el n\u00famero de tel\u00e9fono del usuario, su direcci\u00f3n de correo electr\u00f3nico o con cualesquiera otro medio de contacto. Ninguna cookie de este web site puede extraer informaci\u00f3n del disco duro del usuario o robar informaci\u00f3n personal. La \u00fanica manera, en este web site, de que la informaci\u00f3n privada de un usuario forme parte del archivo cookie es que el usuario d\u00e9 personalmente esa informaci\u00f3n al servidor. Aquellos usuarios que no deseen recibir cookies o quieran ser informados de su fijaci\u00f3n pueden configurar su navegador a tal efecto OXYMORON podr\u00e1 facilitar datos nominativos a sus socios comerciales.\u2028\u2028De esta forma, el usuario podr\u00e1 recibir ofertas comerciales de terceros. A este respecto, se especifica que, salvo rechazo expreso por parte del usuario, OXYMORON podr\u00e1 facilitar los datos de \u00e9ste a sus socios comerciales. Sin embargo, en lo que respecta a la direcci\u00f3n de correo electr\u00f3nico del cliente, OXYMORON s\u00f3lo podr\u00e1 utilizar o facilitar dicha direcci\u00f3n a sus socios con la autorizaci\u00f3n expresa del usuario.\u2028\u2028Por supuesto, el usuario podr\u00e1 en todo momento anular dicha autorizaci\u00f3n, comunicando su rechazo por correo electr\u00f3nico en la siguiente direcci\u00f3n: info@oxymoron.es<\/p>\n<p>Para la realizaci\u00f3n y seguimiento de las compras u otros servicios al cliente que puedan implantarse en un futuro, deber\u00e1 registrar sus datos personales y escoger una contrase\u00f1a para el acceso a las zonas restringidas que requieran identificaci\u00f3n previa. Ello evitar\u00e1 su cumplimentaci\u00f3n en los sucesivo. En el momento en que usted se registra en nuestro servidor o realiza un pedido, sus datos personales y domiciliarios, as\u00ed como las transacciones realizadas y en curso son incorporados a nuestra base de datos, utiliz\u00e1ndose \u00fanicamente para tramitar el pedido, as\u00ed como para realizar su seguimiento. Si ha dado su consentimiento expreso, y en tanto no lo revoque, tambi\u00e9n su utilizaran para enviar informaci\u00f3n sobre ofertas y servicios que puedan resultar de su inter\u00e9s. En cualquier momento podr\u00e1 modificar los datos de su registro de cliente (cambio de domicilio, tel\u00e9fono&#8230;.) o solicitarnos el recordatorio de su contrase\u00f1a si la ha olvidado. As\u00ed mismo de informamos que, de conformidad con la Ley Org\u00e1nica 15\/1999 de 13 de diciembre, de Protecci\u00f3n de Datos de Car\u00e1cter Personal, y dem\u00e1s legislaci\u00f3n vigente en materia de protecci\u00f3n de datos, los datos personales contenidos en este formulario se incorporar\u00e1n a un fichero titularidad de OXYMORON con la finalidad de canalizar las solicitudes de informaci\u00f3n, sugerencias y reclamaciones de clientes para su gesti\u00f3n y resoluci\u00f3n. El cliente puede ejercer los derechos de acceso, rectificaci\u00f3n, oposici\u00f3n y cancelaci\u00f3n dirigi\u00e9ndose a OXYMORON Ref.: LOPD, Gran via de Fernando el Catolico, 31 46008 de Valencia o a trav\u00e9s de nuestra direcci\u00f3n de correo electr\u00f3nico: lopd@oxymoron.es, en los t\u00e9rminos legalmente previstos, pudiendo solicitar informaci\u00f3n. Nuestra web utiliza cookies. Una \u00abCookie\u00bb es un peque\u00f1o archivo que se almacena en el ordenador del usuario y nos permite reconocerle. El conjunto de \u00abcookies\u00bb nos ayuda a mejorar la calidad de nuestra web, permiti\u00e9ndonos controlar qu\u00e9 p\u00e1ginas encuentran nuestros usuarios \u00fatiles y cu\u00e1les no. Las cookies son esenciales para el funcionamiento de internet, aportando innumerables ventajas en la prestaci\u00f3n de servicios interactivos, facilit\u00e1ndole la navegaci\u00f3n y usabilidad de nuestra web. Tenga en cuenta que las cookies no pueden da\u00f1ar su equipo y que, a cambio, el que est\u00e9n activadas nos ayudan a identificar y resolver los errores. A pesar de ello usted puede inhabilitar el uso de las cookies desde la configuraci\u00f3n de su navegador de internet o puede establecer ciertas pol\u00edticas que permitan activar un modo privado mediante el cual las cookies se borran siempre despu\u00e9s de su visita.<\/p>\n<\/div>\n","protected":false},"excerpt":{"rendered":"<p>Se hace constar que las presentes condiciones se han definido por parte de Oxymoron con ubicaci\u00f3n en Gran via de Fernando el Catolico y N.I.F.:24389783P, en adelante Oxymoron para su website www.oxymoron.es. La visita a esta web site no supone que el usuario est\u00e9 obligado a facilitar ninguna informaci\u00f3n sobre s\u00ed mismo. En el caso [&hellip;]<\/p>\n","protected":false},"author":1,"featured_media":0,"parent":0,"menu_order":0,"comment_status":"closed","ping_status":"closed","template":"","meta":{"footnotes":""},"class_list":["post-133","page","type-page","status-publish","hentry","clearfix"],"_links":{"self":[{"href":"https:\/\/oxymoron.es\/shop\/wp-json\/wp\/v2\/pages\/133","targetHints":{"allow":["GET"]}}],"collection":[{"href":"https:\/\/oxymoron.es\/shop\/wp-json\/wp\/v2\/pages"}],"about":[{"href":"https:\/\/oxymoron.es\/shop\/wp-json\/wp\/v2\/types\/page"}],"author":[{"embeddable":true,"href":"https:\/\/oxymoron.es\/shop\/wp-json\/wp\/v2\/users\/1"}],"replies":[{"embeddable":true,"href":"https:\/\/oxymoron.es\/shop\/wp-json\/wp\/v2\/comments?post=133"}],"version-history":[{"count":2,"href":"https:\/\/oxymoron.es\/shop\/wp-json\/wp\/v2\/pages\/133\/revisions"}],"predecessor-version":[{"id":138,"href":"https:\/\/oxymoron.es\/shop\/wp-json\/wp\/v2\/pages\/133\/revisions\/138"}],"wp:attachment":[{"href":"https:\/\/oxymoron.es\/shop\/wp-json\/wp\/v2\/media?parent=133"}],"curies":[{"name":"wp","href":"https:\/\/api.w.org\/{rel}","templated":true}]}}